{"id":109,"date":"2024-11-28T12:21:31","date_gmt":"2024-11-28T11:21:31","guid":{"rendered":"https:\/\/gioart.fr\/?page_id=109"},"modified":"2024-11-28T12:21:31","modified_gmt":"2024-11-28T11:21:31","slug":"quatre-carres-decentres","status":"publish","type":"page","link":"https:\/\/gioart.fr\/?page_id=109","title":{"rendered":"Quatre carr\u00e9s d\u00e9centr\u00e9s"},"content":{"rendered":"\n<p>Sur un fond d&#8217;une couleur, quatre carr\u00e9s d\u00e9centr\u00e9s, chacun d&#8217;une couleur. Et du Bleu de Prusse pour entourer le tout. Toiles de 40 cm par 40 cm.<\/p>\n\n\n\n<figure class=\"wp-block-image size-large\"><img loading=\"lazy\" decoding=\"async\" width=\"1024\" height=\"942\" src=\"https:\/\/gioart.fr\/wp-content\/uploads\/2024\/11\/car-dec-1-1024x942.jpg\" alt=\"\" class=\"wp-image-110\" srcset=\"https:\/\/gioart.fr\/wp-content\/uploads\/2024\/11\/car-dec-1-1024x942.jpg 1024w, https:\/\/gioart.fr\/wp-content\/uploads\/2024\/11\/car-dec-1-300x276.jpg 300w, https:\/\/gioart.fr\/wp-content\/uploads\/2024\/11\/car-dec-1-768x706.jpg 768w, https:\/\/gioart.fr\/wp-content\/uploads\/2024\/11\/car-dec-1-1536x1413.jpg 1536w, https:\/\/gioart.fr\/wp-content\/uploads\/2024\/11\/car-dec-1-1200x1104.jpg 1200w, https:\/\/gioart.fr\/wp-content\/uploads\/2024\/11\/car-dec-1.jpg 1558w\" sizes=\"auto, (max-width: 1024px) 100vw, 1024px\" \/><\/figure>\n\n\n\n<figure class=\"wp-block-image size-large\"><img loading=\"lazy\" decoding=\"async\" width=\"1024\" height=\"954\" src=\"https:\/\/gioart.fr\/wp-content\/uploads\/2024\/11\/car-dec-2-1024x954.jpg\" alt=\"\" class=\"wp-image-111\" srcset=\"https:\/\/gioart.fr\/wp-content\/uploads\/2024\/11\/car-dec-2-1024x954.jpg 1024w, https:\/\/gioart.fr\/wp-content\/uploads\/2024\/11\/car-dec-2-300x279.jpg 300w, https:\/\/gioart.fr\/wp-content\/uploads\/2024\/11\/car-dec-2-768x715.jpg 768w, https:\/\/gioart.fr\/wp-content\/uploads\/2024\/11\/car-dec-2-1536x1431.jpg 1536w, https:\/\/gioart.fr\/wp-content\/uploads\/2024\/11\/car-dec-2-1200x1118.jpg 1200w, https:\/\/gioart.fr\/wp-content\/uploads\/2024\/11\/car-dec-2.jpg 1564w\" sizes=\"auto, (max-width: 1024px) 100vw, 1024px\" \/><\/figure>\n\n\n\n<figure class=\"wp-block-image size-large\"><img loading=\"lazy\" decoding=\"async\" width=\"1024\" height=\"959\" src=\"https:\/\/gioart.fr\/wp-content\/uploads\/2024\/11\/car-dec-3-1024x959.jpg\" alt=\"\" class=\"wp-image-112\" srcset=\"https:\/\/gioart.fr\/wp-content\/uploads\/2024\/11\/car-dec-3-1024x959.jpg 1024w, https:\/\/gioart.fr\/wp-content\/uploads\/2024\/11\/car-dec-3-300x281.jpg 300w, https:\/\/gioart.fr\/wp-content\/uploads\/2024\/11\/car-dec-3-768x720.jpg 768w, https:\/\/gioart.fr\/wp-content\/uploads\/2024\/11\/car-dec-3-1536x1439.jpg 1536w, https:\/\/gioart.fr\/wp-content\/uploads\/2024\/11\/car-dec-3-1200x1124.jpg 1200w, https:\/\/gioart.fr\/wp-content\/uploads\/2024\/11\/car-dec-3.jpg 1584w\" sizes=\"auto, (max-width: 1024px) 100vw, 1024px\" \/><\/figure>\n\n\n\n<figure class=\"wp-block-image size-large\"><img loading=\"lazy\" decoding=\"async\" width=\"1005\" height=\"1024\" src=\"https:\/\/gioart.fr\/wp-content\/uploads\/2024\/11\/car-dec-4-1005x1024.jpg\" alt=\"\" class=\"wp-image-113\" srcset=\"https:\/\/gioart.fr\/wp-content\/uploads\/2024\/11\/car-dec-4-1005x1024.jpg 1005w, https:\/\/gioart.fr\/wp-content\/uploads\/2024\/11\/car-dec-4-294x300.jpg 294w, https:\/\/gioart.fr\/wp-content\/uploads\/2024\/11\/car-dec-4-768x783.jpg 768w, https:\/\/gioart.fr\/wp-content\/uploads\/2024\/11\/car-dec-4-1200x1223.jpg 1200w, https:\/\/gioart.fr\/wp-content\/uploads\/2024\/11\/car-dec-4.jpg 1461w\" sizes=\"auto, (max-width: 1005px) 100vw, 1005px\" \/><\/figure>\n\n\n\n<figure class=\"wp-block-image size-large\"><img loading=\"lazy\" decoding=\"async\" width=\"1024\" height=\"984\" src=\"https:\/\/gioart.fr\/wp-content\/uploads\/2024\/11\/car-dec-5-1024x984.jpg\" alt=\"\" class=\"wp-image-114\" srcset=\"https:\/\/gioart.fr\/wp-content\/uploads\/2024\/11\/car-dec-5-1024x984.jpg 1024w, https:\/\/gioart.fr\/wp-content\/uploads\/2024\/11\/car-dec-5-300x288.jpg 300w, https:\/\/gioart.fr\/wp-content\/uploads\/2024\/11\/car-dec-5-768x738.jpg 768w, https:\/\/gioart.fr\/wp-content\/uploads\/2024\/11\/car-dec-5-1200x1153.jpg 1200w, https:\/\/gioart.fr\/wp-content\/uploads\/2024\/11\/car-dec-5.jpg 1510w\" sizes=\"auto, (max-width: 1024px) 100vw, 1024px\" \/><\/figure>\n\n\n\n<figure class=\"wp-block-image size-large\"><img loading=\"lazy\" decoding=\"async\" width=\"1020\" height=\"1024\" src=\"https:\/\/gioart.fr\/wp-content\/uploads\/2024\/11\/car-dec-6-1020x1024.jpg\" alt=\"\" class=\"wp-image-115\" srcset=\"https:\/\/gioart.fr\/wp-content\/uploads\/2024\/11\/car-dec-6-1020x1024.jpg 1020w, https:\/\/gioart.fr\/wp-content\/uploads\/2024\/11\/car-dec-6-300x300.jpg 300w, https:\/\/gioart.fr\/wp-content\/uploads\/2024\/11\/car-dec-6-150x150.jpg 150w, https:\/\/gioart.fr\/wp-content\/uploads\/2024\/11\/car-dec-6-768x771.jpg 768w, https:\/\/gioart.fr\/wp-content\/uploads\/2024\/11\/car-dec-6-1200x1204.jpg 1200w, https:\/\/gioart.fr\/wp-content\/uploads\/2024\/11\/car-dec-6.jpg 1447w\" sizes=\"auto, (max-width: 1020px) 100vw, 1020px\" \/><\/figure>\n\n\n\n<p><\/p>\n\n\n\n<p><\/p>\n\n\n\n<p><\/p>\n\n\n\n<p><\/p>\n","protected":false},"excerpt":{"rendered":"<p>Sur un fond d&#8217;une couleur, quatre carr\u00e9s d\u00e9centr\u00e9s, chacun d&#8217;une couleur. Et du Bleu de Prusse pour entourer le tout. Toiles de 40 cm par 40 cm.<\/p>\n","protected":false},"author":1,"featured_media":0,"parent":0,"menu_order":0,"comment_status":"closed","ping_status":"closed","template":"","meta":{"footnotes":""},"class_list":["post-109","page","type-page","status-publish","hentry"],"_links":{"self":[{"href":"https:\/\/gioart.fr\/index.php?rest_route=\/wp\/v2\/pages\/109","targetHints":{"allow":["GET"]}}],"collection":[{"href":"https:\/\/gioart.fr\/index.php?rest_route=\/wp\/v2\/pages"}],"about":[{"href":"https:\/\/gioart.fr\/index.php?rest_route=\/wp\/v2\/types\/page"}],"author":[{"embeddable":true,"href":"https:\/\/gioart.fr\/index.php?rest_route=\/wp\/v2\/users\/1"}],"replies":[{"embeddable":true,"href":"https:\/\/gioart.fr\/index.php?rest_route=%2Fwp%2Fv2%2Fcomments&post=109"}],"version-history":[{"count":1,"href":"https:\/\/gioart.fr\/index.php?rest_route=\/wp\/v2\/pages\/109\/revisions"}],"predecessor-version":[{"id":116,"href":"https:\/\/gioart.fr\/index.php?rest_route=\/wp\/v2\/pages\/109\/revisions\/116"}],"wp:attachment":[{"href":"https:\/\/gioart.fr\/index.php?rest_route=%2Fwp%2Fv2%2Fmedia&parent=109"}],"curies":[{"name":"wp","href":"https:\/\/api.w.org\/{rel}","templated":true}]}}