{"id":50,"date":"2024-11-09T14:14:52","date_gmt":"2024-11-09T13:14:52","guid":{"rendered":"https:\/\/gioart.fr\/?page_id=50"},"modified":"2024-11-27T17:23:11","modified_gmt":"2024-11-27T16:23:11","slug":"80-x-100-cm-2","status":"publish","type":"page","link":"https:\/\/gioart.fr\/?page_id=50","title":{"rendered":"80 x 100 cm"},"content":{"rendered":"\n<blockquote class=\"wp-block-quote is-layout-flow wp-block-quote-is-layout-flow\">\n<p class=\"has-normal-font-size\">A l&#8217;origine une s\u00e9rie de sept toiles (80*100 cm) sur le th\u00e8me de la cr\u00e9ation du monde : des t\u00e9n\u00e8bres \u00e0 l&#8217;an 2000 !<\/p>\n\n\n\n<p><\/p>\n<\/blockquote>\n\n\n\n<figure class=\"wp-block-image size-large\"><img loading=\"lazy\" decoding=\"async\" width=\"1024\" height=\"853\" src=\"http:\/\/gioart.fr\/wp-content\/uploads\/2024\/11\/IMG_2626-Copie-1024x853.jpg\" alt=\"\" class=\"wp-image-57\" srcset=\"https:\/\/gioart.fr\/wp-content\/uploads\/2024\/11\/IMG_2626-Copie-1024x853.jpg 1024w, https:\/\/gioart.fr\/wp-content\/uploads\/2024\/11\/IMG_2626-Copie-300x250.jpg 300w, https:\/\/gioart.fr\/wp-content\/uploads\/2024\/11\/IMG_2626-Copie-768x640.jpg 768w, https:\/\/gioart.fr\/wp-content\/uploads\/2024\/11\/IMG_2626-Copie-1536x1279.jpg 1536w, https:\/\/gioart.fr\/wp-content\/uploads\/2024\/11\/IMG_2626-Copie-1200x1000.jpg 1200w, https:\/\/gioart.fr\/wp-content\/uploads\/2024\/11\/IMG_2626-Copie.jpg 1760w\" sizes=\"auto, (max-width: 1024px) 100vw, 1024px\" \/><\/figure>\n\n\n\n<p>Les t\u00e9n\u00e8bres<\/p>\n\n\n\n<figure class=\"wp-block-image size-large\"><img loading=\"lazy\" decoding=\"async\" width=\"1024\" height=\"825\" src=\"http:\/\/gioart.fr\/wp-content\/uploads\/2024\/11\/IMG_2627-1024x825.jpg\" alt=\"\" class=\"wp-image-54\" srcset=\"https:\/\/gioart.fr\/wp-content\/uploads\/2024\/11\/IMG_2627-1024x825.jpg 1024w, https:\/\/gioart.fr\/wp-content\/uploads\/2024\/11\/IMG_2627-300x242.jpg 300w, https:\/\/gioart.fr\/wp-content\/uploads\/2024\/11\/IMG_2627-768x619.jpg 768w, https:\/\/gioart.fr\/wp-content\/uploads\/2024\/11\/IMG_2627-1536x1238.jpg 1536w, https:\/\/gioart.fr\/wp-content\/uploads\/2024\/11\/IMG_2627-1200x967.jpg 1200w, https:\/\/gioart.fr\/wp-content\/uploads\/2024\/11\/IMG_2627.jpg 1840w\" sizes=\"auto, (max-width: 1024px) 100vw, 1024px\" \/><\/figure>\n\n\n\n<div class=\"wp-block-group is-layout-grid wp-container-core-group-is-layout-9649a0d9 wp-block-group-is-layout-grid\">\n<p>La lumi\u00e8re<\/p>\n<\/div>\n\n\n\n<figure class=\"wp-block-image size-large\"><img loading=\"lazy\" decoding=\"async\" width=\"1024\" height=\"868\" src=\"http:\/\/gioart.fr\/wp-content\/uploads\/2024\/11\/20221228_111748-1024x868.jpg\" alt=\"\" class=\"wp-image-55\" srcset=\"https:\/\/gioart.fr\/wp-content\/uploads\/2024\/11\/20221228_111748-1024x868.jpg 1024w, https:\/\/gioart.fr\/wp-content\/uploads\/2024\/11\/20221228_111748-300x254.jpg 300w, https:\/\/gioart.fr\/wp-content\/uploads\/2024\/11\/20221228_111748-768x651.jpg 768w, https:\/\/gioart.fr\/wp-content\/uploads\/2024\/11\/20221228_111748-1536x1302.jpg 1536w, https:\/\/gioart.fr\/wp-content\/uploads\/2024\/11\/20221228_111748-2048x1737.jpg 2048w, https:\/\/gioart.fr\/wp-content\/uploads\/2024\/11\/20221228_111748-1200x1018.jpg 1200w, https:\/\/gioart.fr\/wp-content\/uploads\/2024\/11\/20221228_111748-1980x1679.jpg 1980w\" sizes=\"auto, (max-width: 1024px) 100vw, 1024px\" \/><\/figure>\n\n\n\n<p>La cr\u00e9ation du ciel<\/p>\n\n\n\n<figure class=\"wp-block-gallery has-nested-images columns-default is-cropped wp-block-gallery-1 is-layout-flex wp-block-gallery-is-layout-flex\">\n<figure class=\"wp-block-image size-large\"><img loading=\"lazy\" decoding=\"async\" width=\"1024\" height=\"816\" data-id=\"96\" src=\"https:\/\/gioart.fr\/wp-content\/uploads\/2024\/11\/80-100-4-1024x816.jpg\" alt=\"\" class=\"wp-image-96\" srcset=\"https:\/\/gioart.fr\/wp-content\/uploads\/2024\/11\/80-100-4-1024x816.jpg 1024w, https:\/\/gioart.fr\/wp-content\/uploads\/2024\/11\/80-100-4-300x239.jpg 300w, https:\/\/gioart.fr\/wp-content\/uploads\/2024\/11\/80-100-4-768x612.jpg 768w, https:\/\/gioart.fr\/wp-content\/uploads\/2024\/11\/80-100-4-1536x1224.jpg 1536w, https:\/\/gioart.fr\/wp-content\/uploads\/2024\/11\/80-100-4-2048x1632.jpg 2048w, https:\/\/gioart.fr\/wp-content\/uploads\/2024\/11\/80-100-4-1200x956.jpg 1200w, https:\/\/gioart.fr\/wp-content\/uploads\/2024\/11\/80-100-4-1980x1578.jpg 1980w\" sizes=\"auto, (max-width: 1024px) 100vw, 1024px\" \/><\/figure>\n<\/figure>\n\n\n\n<p>L&#8217;an 10<\/p>\n\n\n\n<figure class=\"wp-block-image size-large\"><img loading=\"lazy\" decoding=\"async\" width=\"1024\" height=\"853\" src=\"https:\/\/gioart.fr\/wp-content\/uploads\/2024\/11\/80-100-5-1-1024x853.jpg\" alt=\"\" class=\"wp-image-100\" srcset=\"https:\/\/gioart.fr\/wp-content\/uploads\/2024\/11\/80-100-5-1-1024x853.jpg 1024w, https:\/\/gioart.fr\/wp-content\/uploads\/2024\/11\/80-100-5-1-300x250.jpg 300w, https:\/\/gioart.fr\/wp-content\/uploads\/2024\/11\/80-100-5-1-768x639.jpg 768w, https:\/\/gioart.fr\/wp-content\/uploads\/2024\/11\/80-100-5-1-1536x1279.jpg 1536w, https:\/\/gioart.fr\/wp-content\/uploads\/2024\/11\/80-100-5-1-1200x999.jpg 1200w, https:\/\/gioart.fr\/wp-content\/uploads\/2024\/11\/80-100-5-1.jpg 1768w\" sizes=\"auto, (max-width: 1024px) 100vw, 1024px\" \/><\/figure>\n\n\n\n<p>L&#8217;an 100<\/p>\n\n\n\n<figure class=\"wp-block-image size-large\"><img loading=\"lazy\" decoding=\"async\" width=\"1024\" height=\"818\" src=\"http:\/\/gioart.fr\/wp-content\/uploads\/2024\/11\/20221215_183552-1024x818.jpg\" alt=\"\" class=\"wp-image-51\" srcset=\"https:\/\/gioart.fr\/wp-content\/uploads\/2024\/11\/20221215_183552-1024x818.jpg 1024w, https:\/\/gioart.fr\/wp-content\/uploads\/2024\/11\/20221215_183552-300x240.jpg 300w, https:\/\/gioart.fr\/wp-content\/uploads\/2024\/11\/20221215_183552-768x613.jpg 768w, https:\/\/gioart.fr\/wp-content\/uploads\/2024\/11\/20221215_183552-1536x1227.jpg 1536w, https:\/\/gioart.fr\/wp-content\/uploads\/2024\/11\/20221215_183552-2048x1636.jpg 2048w, https:\/\/gioart.fr\/wp-content\/uploads\/2024\/11\/20221215_183552-1200x958.jpg 1200w, https:\/\/gioart.fr\/wp-content\/uploads\/2024\/11\/20221215_183552-1980x1581.jpg 1980w\" sizes=\"auto, (max-width: 1024px) 100vw, 1024px\" \/><\/figure>\n\n\n\n<p>L&#8217;an 1000<\/p>\n\n\n\n<figure class=\"wp-block-image size-large\"><img loading=\"lazy\" decoding=\"async\" width=\"1024\" height=\"865\" src=\"https:\/\/gioart.fr\/wp-content\/uploads\/2024\/11\/80-100-7-1024x865.jpg\" alt=\"\" class=\"wp-image-99\" srcset=\"https:\/\/gioart.fr\/wp-content\/uploads\/2024\/11\/80-100-7-1024x865.jpg 1024w, https:\/\/gioart.fr\/wp-content\/uploads\/2024\/11\/80-100-7-300x253.jpg 300w, https:\/\/gioart.fr\/wp-content\/uploads\/2024\/11\/80-100-7-768x649.jpg 768w, https:\/\/gioart.fr\/wp-content\/uploads\/2024\/11\/80-100-7-1536x1297.jpg 1536w, https:\/\/gioart.fr\/wp-content\/uploads\/2024\/11\/80-100-7-2048x1730.jpg 2048w, https:\/\/gioart.fr\/wp-content\/uploads\/2024\/11\/80-100-7-1200x1014.jpg 1200w, https:\/\/gioart.fr\/wp-content\/uploads\/2024\/11\/80-100-7-1980x1672.jpg 1980w\" sizes=\"auto, (max-width: 1024px) 100vw, 1024px\" \/><\/figure>\n\n\n\n<p>L&#8217;an 2000<\/p>\n","protected":false},"excerpt":{"rendered":"<p>A l&#8217;origine une s\u00e9rie de sept toiles (80*100 cm) sur le th\u00e8me de la cr\u00e9ation du monde : des t\u00e9n\u00e8bres \u00e0 l&#8217;an 2000 ! Les t\u00e9n\u00e8bres La lumi\u00e8re La cr\u00e9ation du ciel L&#8217;an 10 L&#8217;an 100 L&#8217;an 1000 L&#8217;an 2000<\/p>\n","protected":false},"author":1,"featured_media":0,"parent":0,"menu_order":0,"comment_status":"closed","ping_status":"closed","template":"","meta":{"footnotes":""},"class_list":["post-50","page","type-page","status-publish","hentry"],"_links":{"self":[{"href":"https:\/\/gioart.fr\/index.php?rest_route=\/wp\/v2\/pages\/50","targetHints":{"allow":["GET"]}}],"collection":[{"href":"https:\/\/gioart.fr\/index.php?rest_route=\/wp\/v2\/pages"}],"about":[{"href":"https:\/\/gioart.fr\/index.php?rest_route=\/wp\/v2\/types\/page"}],"author":[{"embeddable":true,"href":"https:\/\/gioart.fr\/index.php?rest_route=\/wp\/v2\/users\/1"}],"replies":[{"embeddable":true,"href":"https:\/\/gioart.fr\/index.php?rest_route=%2Fwp%2Fv2%2Fcomments&post=50"}],"version-history":[{"count":3,"href":"https:\/\/gioart.fr\/index.php?rest_route=\/wp\/v2\/pages\/50\/revisions"}],"predecessor-version":[{"id":101,"href":"https:\/\/gioart.fr\/index.php?rest_route=\/wp\/v2\/pages\/50\/revisions\/101"}],"wp:attachment":[{"href":"https:\/\/gioart.fr\/index.php?rest_route=%2Fwp%2Fv2%2Fmedia&parent=50"}],"curies":[{"name":"wp","href":"https:\/\/api.w.org\/{rel}","templated":true}]}}