{"id":59,"date":"2024-11-09T14:22:05","date_gmt":"2024-11-09T13:22:05","guid":{"rendered":"https:\/\/gioart.fr\/?page_id=59"},"modified":"2024-12-08T20:14:53","modified_gmt":"2024-12-08T19:14:53","slug":"dossier-2","status":"publish","type":"page","link":"https:\/\/gioart.fr\/?page_id=59","title":{"rendered":"A. Variations color\u00e9es"},"content":{"rendered":"\n<p>Des toiles carr\u00e9es de 80 * 80 cm partag\u00e9es en 400 carreaux de quatre cm par quatre cm. Trois variations d&#8217;une m\u00eame couleur ou trois couleurs diff\u00e9rentes. Un tirage au hasard de chaque couleur. Une construction qui converge vers le centre pour cr\u00e9er une sym\u00e9trie. Et du Bleu de Prusse pour encadrer tous les carreaux !<\/p>\n\n\n\n<figure class=\"wp-block-image size-large\"><img loading=\"lazy\" decoding=\"async\" width=\"1019\" height=\"1024\" src=\"http:\/\/gioart.fr\/wp-content\/uploads\/2023\/08\/IMG_2419-1019x1024.jpg\" alt=\"\" class=\"wp-image-26\" srcset=\"https:\/\/gioart.fr\/wp-content\/uploads\/2023\/08\/IMG_2419-1019x1024.jpg 1019w, https:\/\/gioart.fr\/wp-content\/uploads\/2023\/08\/IMG_2419-298x300.jpg 298w, https:\/\/gioart.fr\/wp-content\/uploads\/2023\/08\/IMG_2419-150x150.jpg 150w, https:\/\/gioart.fr\/wp-content\/uploads\/2023\/08\/IMG_2419-768x772.jpg 768w, https:\/\/gioart.fr\/wp-content\/uploads\/2023\/08\/IMG_2419-1200x1206.jpg 1200w, https:\/\/gioart.fr\/wp-content\/uploads\/2023\/08\/IMG_2419.jpg 1386w\" sizes=\"auto, (max-width: 1019px) 100vw, 1019px\" \/><\/figure>\n\n\n\n<p>Du blanc, du gris, du noir <\/p>\n\n\n\n<figure class=\"wp-block-image size-large\"><img loading=\"lazy\" decoding=\"async\" width=\"1024\" height=\"1008\" src=\"http:\/\/gioart.fr\/wp-content\/uploads\/2023\/08\/IMG_2410-1024x1008.jpg\" alt=\"\" class=\"wp-image-25\" srcset=\"https:\/\/gioart.fr\/wp-content\/uploads\/2023\/08\/IMG_2410-1024x1008.jpg 1024w, https:\/\/gioart.fr\/wp-content\/uploads\/2023\/08\/IMG_2410-300x295.jpg 300w, https:\/\/gioart.fr\/wp-content\/uploads\/2023\/08\/IMG_2410-768x756.jpg 768w, https:\/\/gioart.fr\/wp-content\/uploads\/2023\/08\/IMG_2410-1200x1181.jpg 1200w, https:\/\/gioart.fr\/wp-content\/uploads\/2023\/08\/IMG_2410.jpg 1386w\" sizes=\"auto, (max-width: 1024px) 100vw, 1024px\" \/><\/figure>\n\n\n\n<p>Trois nuances de jaune<\/p>\n\n\n\n<figure class=\"wp-block-image size-large\"><img loading=\"lazy\" decoding=\"async\" width=\"1024\" height=\"1020\" src=\"http:\/\/gioart.fr\/wp-content\/uploads\/2023\/08\/IMG_2409-1024x1020.jpg\" alt=\"\" class=\"wp-image-24\" srcset=\"https:\/\/gioart.fr\/wp-content\/uploads\/2023\/08\/IMG_2409-1024x1020.jpg 1024w, https:\/\/gioart.fr\/wp-content\/uploads\/2023\/08\/IMG_2409-300x300.jpg 300w, https:\/\/gioart.fr\/wp-content\/uploads\/2023\/08\/IMG_2409-150x150.jpg 150w, https:\/\/gioart.fr\/wp-content\/uploads\/2023\/08\/IMG_2409-768x765.jpg 768w, https:\/\/gioart.fr\/wp-content\/uploads\/2023\/08\/IMG_2409-1200x1196.jpg 1200w, https:\/\/gioart.fr\/wp-content\/uploads\/2023\/08\/IMG_2409.jpg 1398w\" sizes=\"auto, (max-width: 1024px) 100vw, 1024px\" \/><\/figure>\n\n\n\n<p>Trois nuances de vert<\/p>\n\n\n\n<figure class=\"wp-block-image size-large\"><img loading=\"lazy\" decoding=\"async\" width=\"1024\" height=\"1016\" src=\"http:\/\/gioart.fr\/wp-content\/uploads\/2023\/08\/IMG_2408-1024x1016.jpg\" alt=\"\" class=\"wp-image-23\" srcset=\"https:\/\/gioart.fr\/wp-content\/uploads\/2023\/08\/IMG_2408-1024x1016.jpg 1024w, https:\/\/gioart.fr\/wp-content\/uploads\/2023\/08\/IMG_2408-300x298.jpg 300w, https:\/\/gioart.fr\/wp-content\/uploads\/2023\/08\/IMG_2408-150x150.jpg 150w, https:\/\/gioart.fr\/wp-content\/uploads\/2023\/08\/IMG_2408-768x762.jpg 768w, https:\/\/gioart.fr\/wp-content\/uploads\/2023\/08\/IMG_2408-1200x1191.jpg 1200w, https:\/\/gioart.fr\/wp-content\/uploads\/2023\/08\/IMG_2408.jpg 1451w\" sizes=\"auto, (max-width: 1024px) 100vw, 1024px\" \/><\/figure>\n\n\n\n<p>Trois nuances de bleu<\/p>\n\n\n\n<figure class=\"wp-block-image size-large\"><img loading=\"lazy\" decoding=\"async\" width=\"1024\" height=\"981\" src=\"http:\/\/gioart.fr\/wp-content\/uploads\/2023\/08\/IMG_2407-1024x981.jpg\" alt=\"\" class=\"wp-image-22\" srcset=\"https:\/\/gioart.fr\/wp-content\/uploads\/2023\/08\/IMG_2407-1024x981.jpg 1024w, https:\/\/gioart.fr\/wp-content\/uploads\/2023\/08\/IMG_2407-300x287.jpg 300w, https:\/\/gioart.fr\/wp-content\/uploads\/2023\/08\/IMG_2407-768x736.jpg 768w, https:\/\/gioart.fr\/wp-content\/uploads\/2023\/08\/IMG_2407-1200x1150.jpg 1200w, https:\/\/gioart.fr\/wp-content\/uploads\/2023\/08\/IMG_2407.jpg 1452w\" sizes=\"auto, (max-width: 1024px) 100vw, 1024px\" \/><\/figure>\n\n\n\n<p>Trois nuances de rouge<\/p>\n\n\n\n<figure class=\"wp-block-image size-large\"><img loading=\"lazy\" decoding=\"async\" width=\"1024\" height=\"974\" src=\"http:\/\/gioart.fr\/wp-content\/uploads\/2023\/08\/IMG_2406-1024x974.jpg\" alt=\"\" class=\"wp-image-21\" srcset=\"https:\/\/gioart.fr\/wp-content\/uploads\/2023\/08\/IMG_2406-1024x974.jpg 1024w, https:\/\/gioart.fr\/wp-content\/uploads\/2023\/08\/IMG_2406-300x285.jpg 300w, https:\/\/gioart.fr\/wp-content\/uploads\/2023\/08\/IMG_2406-768x730.jpg 768w, https:\/\/gioart.fr\/wp-content\/uploads\/2023\/08\/IMG_2406-1200x1141.jpg 1200w, https:\/\/gioart.fr\/wp-content\/uploads\/2023\/08\/IMG_2406.jpg 1447w\" sizes=\"auto, (max-width: 1024px) 100vw, 1024px\" \/><\/figure>\n\n\n\n<p>Du gris, de l&#8217;ocre, du rose<\/p>\n\n\n\n<figure class=\"wp-block-image size-large\"><img loading=\"lazy\" decoding=\"async\" width=\"1024\" height=\"1013\" src=\"http:\/\/gioart.fr\/wp-content\/uploads\/2023\/08\/IMG_2405-1024x1013.jpg\" alt=\"\" class=\"wp-image-20\" srcset=\"https:\/\/gioart.fr\/wp-content\/uploads\/2023\/08\/IMG_2405-1024x1013.jpg 1024w, https:\/\/gioart.fr\/wp-content\/uploads\/2023\/08\/IMG_2405-300x297.jpg 300w, https:\/\/gioart.fr\/wp-content\/uploads\/2023\/08\/IMG_2405-768x760.jpg 768w, https:\/\/gioart.fr\/wp-content\/uploads\/2023\/08\/IMG_2405-1200x1187.jpg 1200w, https:\/\/gioart.fr\/wp-content\/uploads\/2023\/08\/IMG_2405.jpg 1406w\" sizes=\"auto, (max-width: 1024px) 100vw, 1024px\" \/><\/figure>\n\n\n\n<p>Du bleu, du jaune, du rouge<\/p>\n\n\n\n<figure class=\"wp-block-image size-large\"><img loading=\"lazy\" decoding=\"async\" width=\"1019\" height=\"1024\" src=\"http:\/\/gioart.fr\/wp-content\/uploads\/2023\/08\/IMG_2404-1019x1024.jpg\" alt=\"\" class=\"wp-image-19\" srcset=\"https:\/\/gioart.fr\/wp-content\/uploads\/2023\/08\/IMG_2404-1019x1024.jpg 1019w, https:\/\/gioart.fr\/wp-content\/uploads\/2023\/08\/IMG_2404-298x300.jpg 298w, https:\/\/gioart.fr\/wp-content\/uploads\/2023\/08\/IMG_2404-150x150.jpg 150w, https:\/\/gioart.fr\/wp-content\/uploads\/2023\/08\/IMG_2404-768x772.jpg 768w, https:\/\/gioart.fr\/wp-content\/uploads\/2023\/08\/IMG_2404-1200x1206.jpg 1200w, https:\/\/gioart.fr\/wp-content\/uploads\/2023\/08\/IMG_2404.jpg 1376w\" sizes=\"auto, (max-width: 1019px) 100vw, 1019px\" \/><\/figure>\n\n\n\n<p>Ocre, Terre de Sienne naturelle et brul\u00e9e<\/p>\n\n\n\n<figure class=\"wp-block-image size-large\"><img loading=\"lazy\" decoding=\"async\" width=\"1024\" height=\"1024\" src=\"http:\/\/gioart.fr\/wp-content\/uploads\/2023\/08\/IMG_2398-1024x1024.jpg\" alt=\"\" class=\"wp-image-18\" srcset=\"https:\/\/gioart.fr\/wp-content\/uploads\/2023\/08\/IMG_2398-1024x1024.jpg 1024w, https:\/\/gioart.fr\/wp-content\/uploads\/2023\/08\/IMG_2398-300x300.jpg 300w, https:\/\/gioart.fr\/wp-content\/uploads\/2023\/08\/IMG_2398-150x150.jpg 150w, https:\/\/gioart.fr\/wp-content\/uploads\/2023\/08\/IMG_2398-768x767.jpg 768w, https:\/\/gioart.fr\/wp-content\/uploads\/2023\/08\/IMG_2398-1200x1199.jpg 1200w, https:\/\/gioart.fr\/wp-content\/uploads\/2023\/08\/IMG_2398.jpg 1362w\" sizes=\"auto, (max-width: 1024px) 100vw, 1024px\" \/><\/figure>\n\n\n\n<p>De l&#8217;ocre, du vert, du violet<\/p>\n","protected":false},"excerpt":{"rendered":"<p>Des toiles carr\u00e9es de 80 * 80 cm partag\u00e9es en 400 carreaux de quatre cm par quatre cm. Trois variations d&#8217;une m\u00eame couleur ou trois couleurs diff\u00e9rentes. Un tirage au hasard de chaque couleur. Une construction qui converge vers le centre pour cr\u00e9er une sym\u00e9trie. Et du Bleu de Prusse pour encadrer tous les carreaux [&hellip;]<\/p>\n","protected":false},"author":1,"featured_media":0,"parent":0,"menu_order":0,"comment_status":"closed","ping_status":"closed","template":"","meta":{"footnotes":""},"class_list":["post-59","page","type-page","status-publish","hentry"],"_links":{"self":[{"href":"https:\/\/gioart.fr\/index.php?rest_route=\/wp\/v2\/pages\/59","targetHints":{"allow":["GET"]}}],"collection":[{"href":"https:\/\/gioart.fr\/index.php?rest_route=\/wp\/v2\/pages"}],"about":[{"href":"https:\/\/gioart.fr\/index.php?rest_route=\/wp\/v2\/types\/page"}],"author":[{"embeddable":true,"href":"https:\/\/gioart.fr\/index.php?rest_route=\/wp\/v2\/users\/1"}],"replies":[{"embeddable":true,"href":"https:\/\/gioart.fr\/index.php?rest_route=%2Fwp%2Fv2%2Fcomments&post=59"}],"version-history":[{"count":4,"href":"https:\/\/gioart.fr\/index.php?rest_route=\/wp\/v2\/pages\/59\/revisions"}],"predecessor-version":[{"id":452,"href":"https:\/\/gioart.fr\/index.php?rest_route=\/wp\/v2\/pages\/59\/revisions\/452"}],"wp:attachment":[{"href":"https:\/\/gioart.fr\/index.php?rest_route=%2Fwp%2Fv2%2Fmedia&parent=59"}],"curies":[{"name":"wp","href":"https:\/\/api.w.org\/{rel}","templated":true}]}}